{"id":257,"date":"2026-01-24T14:24:37","date_gmt":"2026-01-24T13:24:37","guid":{"rendered":"https:\/\/www.lovemime.com\/silent-rocco\/"},"modified":"2026-03-03T00:05:53","modified_gmt":"2026-03-02T23:05:53","slug":"silent-rocco","status":"publish","type":"page","link":"https:\/\/www.lovemime.com\/en\/silent-rocco\/","title":{"rendered":"Silent Rocco"},"content":{"rendered":"<div class=\"et_pb_section_0 et_pb_section et_section_regular et_flex_section\">\n<div class=\"et_pb_row_0 et_pb_row et_flex_row\">\n<div class=\"et_pb_column_0 et_pb_column et-last-child et_flex_column et_pb_css_mix_blend_mode_passthrough et_flex_column_24_24\">\n<div class=\"et_pb_text_0 et_pb_text et_pb_bg_layout_light et_pb_module et_flex_module\"><div class=\"et_pb_text_inner\" data-et-mv-hidden-phone=\"true\"><h1 style=\"text-align: center;\">SILENT ROCCO<br \/>Untold Stories<\/h1>\n<\/div><\/div>\n<\/div>\n<\/div>\n\n<div class=\"et_pb_row_1 et_pb_row et_flex_row\">\n<div class=\"et_pb_column_1 et_pb_column et-last-child et_flex_column et_pb_css_mix_blend_mode_passthrough et_flex_column_24_24\">\n<div class=\"et_pb_image_0 et_pb_image et_pb_module et_flex_module\"><span class=\"et_pb_image_wrap\"><img loading=\"lazy\" decoding=\"async\" src=\"https:\/\/www.lovemime.com\/wp-content\/uploads\/2025\/12\/Untold-Stories.jpg\" title=\"Untold Stories\" width=\"802\" height=\"1098\" srcset=\"https:\/\/www.lovemime.com\/wp-content\/uploads\/2025\/12\/Untold-Stories.jpg 802w, https:\/\/www.lovemime.com\/wp-content\/uploads\/2025\/12\/Untold-Stories-480x657.jpg 480w\" sizes=\"(min-width: 0px) and (max-width: 480px) 480px, (min-width: 481px) 802px, 100vw\" class=\"wp-image-102\" \/><\/span><\/div>\n<\/div>\n<\/div>\n\n<div class=\"et_pb_row_2 et_pb_row et_flex_row\">\n<div class=\"et_pb_column_2 et_pb_column et-last-child et_flex_column et_pb_css_mix_blend_mode_passthrough et_flex_column_24_24\">\n<ul class=\"et_pb_icon_list_0 et_pb_icon_list et_pb_module et_flex_module\">\n<li class=\"et_pb_icon_list_item_0 et_pb_icon_list_item et_pb_module et_flex_module\"><span class=\"et-pb-icon\">\ue023<\/span><div class=\"et_pb_icon_list_text\">Friday, April 10<\/div><\/li>\n\n<li class=\"et_pb_icon_list_item_1 et_pb_icon_list_item et_pb_module et_flex_module\"><span class=\"et-pb-icon\">\uf017<\/span><div class=\"et_pb_icon_list_text\">21.00<\/div><\/li>\n\n<li class=\"et_pb_icon_list_item_2 et_pb_icon_list_item et_pb_module et_flex_module\"><span class=\"et-pb-icon\">\uf276<\/span><div class=\"et_pb_icon_list_text\" data-et-mv-hidden-phone=\"true\">Kairos Space &#8211; via Mottalciata 7, Turin<\/div><\/li>\n\n<li class=\"et_pb_icon_list_item_3 et_pb_icon_list_item et_pb_module et_clickable et_flex_module\"><span class=\"et-pb-icon\">\uf3ff<\/span><div class=\"et_pb_icon_list_text\" data-et-mv-hidden-phone=\"true\">Buy tickets for this show<\/div><\/li>\n\n<li class=\"et_pb_icon_list_item_4 et_pb_icon_list_item et_pb_module et_clickable et_flex_module\"><span class=\"et-pb-icon\">\uf3ff<\/span><div class=\"et_pb_icon_list_text\">Buy a PASS<\/div><\/li>\n<\/ul>\n<\/div>\n<\/div>\n\n<div class=\"et_pb_row_3 et_pb_row et_flex_row\">\n<div class=\"et_pb_column_3 et_pb_column et-last-child et_flex_column et_pb_css_mix_blend_mode_passthrough et_flex_column_24_24\">\n<div class=\"et_pb_text_1 et_pb_text et_pb_bg_layout_light et_pb_module et_flex_module\"><div class=\"et_pb_text_inner\"><div>\n<div class=\"block theme-text-sectionTitle css-0\" id=\"block-BDE62BE1-EF88-4362-942E-464272F9042B\">\n<div class=\"text-block\">\n<h2 class=\"utf-paragraph\" style=\"text-align: center;\">\u2b50\ufe0f\u2b50\ufe0f\u2b50\ufe0f\u2b50\ufe0f\u2b50\ufe0f<\/h2>\n<\/div>\n<\/div>\n<\/div>\n<div style=\"text-align: center;\">\n<div class=\"block theme-text-heading css-0\" id=\"block-F76ED65C-6579-4D88-A4CA-FE8B7577E7B5\">\n<div class=\"text-block\">\n<h3 class=\"utf-paragraph\">&#8220;A CINEMATIC EXPERIENCE&#8221;<\/h3>\n<\/div>\n<\/div>\n<\/div>\n<div style=\"text-align: center;\">\n<div class=\"block css-0\" id=\"block-FE837BBF-3FBB-456A-A1B4-9BA44FA44D6D\">\n<div class=\"flex-grid-component\">\n<div class=\"flex-grid\">\n<div>\n<div class=\"block theme-text-heading css-0\" id=\"block-2569716B-5C58-4A5B-A6DF-566269F50E80\">\n<div class=\"text-block\">\n<h6 class=\"utf-paragraph\">FringeReview<\/h6>\n<\/div>\n<\/div>\n<\/div>\n<\/div>\n<\/div>\n<\/div>\n<\/div>\n<\/div><\/div>\n\n<div class=\"et_pb_text_2 et_pb_text et_pb_bg_layout_light et_pb_module et_flex_module\"><div class=\"et_pb_text_inner\"><p class=\"utf-paragraph\" style=\"text-align: center;\">No set design. No props. No words.<br \/>Yet an artist who creates worlds and stories you will never forget.<\/p>\n<\/div><\/div>\n<\/div>\n<\/div>\n\n<div class=\"et_pb_row_4 et_pb_row et_flex_row\">\n<div class=\"et_pb_column_4 et_pb_column et-last-child et_flex_column et_pb_css_mix_blend_mode_passthrough et_flex_column_24_24\">\n<div class=\"et_pb_code_0 et_pb_code et_pb_module\"><div class=\"et_pb_code_inner\" data-et-mv-hidden-phone=\"true\"><iframe loading=\"lazy\" width=\"900\" height=\"500\" src=\"https:\/\/www.youtube.com\/embed\/MQjlLSaG0rc?si=LMeiCePuq9yBWxN-\" title=\"YouTube video player\" frameborder=\"0\" allow=\"accelerometer; autoplay; clipboard-write; encrypted-media; gyroscope; picture-in-picture; web-share\" referrerpolicy=\"strict-origin-when-cross-origin\" allowfullscreen=\"\"><\/iframe><\/div><\/div>\n\n<div class=\"et_pb_row_5 et_pb_row et_pb_row_nested et_flex_row\">\n<div class=\"et_pb_column_5 et_pb_column et-last-child et_flex_column et_pb_css_mix_blend_mode_passthrough et_flex_column_24_24\">\n<div class=\"et_pb_text_3 et_pb_text et_pb_bg_layout_light et_pb_module et_flex_module\"><div class=\"et_pb_text_inner\"><div>\n<div class=\"block theme-text-paragraph css-0\" id=\"block-F13F3CFC-5D51-47DD-BF7C-F460EB358771\">\n<div class=\"text-block\">\n<p class=\"utf-paragraph\"><strong style=\"font-size: 20px;\">What if you could wear emotions like masks?<\/strong><\/p>\n<\/div>\n<\/div>\n<\/div>\n<p><strong>What if the screen in your hand consumed you?<\/strong><br \/><strong>What if you gave your heartbeat to someone else?<\/strong><br \/><strong>What if a glass of water led you to another world?<\/strong><\/p>\n<p>Without sets, props, or words, Silent Rocco transforms the stage into a dreamscape where emotions are tangible, objects hold secrets, and the impossible seems real, creating worlds and stories you will never forget.<\/p>\n<\/div><\/div>\n\n<div class=\"et_pb_text_4 et_pb_text et_pb_bg_layout_light et_pb_module et_flex_module\"><div class=\"et_pb_text_inner\"><p><span style=\"color: #e02b20;\">Written, directed, and performed by Silent Rocco<\/span><\/p>\n<\/div><\/div>\n\n<div class=\"et_pb_text_5 et_pb_text et_pb_bg_layout_light et_pb_module et_flex_module\"><div class=\"et_pb_text_inner\"><p><em>Currently touring worldwide, with performances already staged in Liptovsk\u00fd Mikul\u00e1\u0161, <span class=\"utf-range\">Slovakia<\/span> (Festival PAN), Bangkok, <span class=\"utf-range\">Thailand<\/span> (Silent Theatre Festival), Alkmaar, <span class=\"utf-range\">Netherlands<\/span> (Zomer in the Mare), Edinburgh, <span class=\"utf-range\">Scotland<\/span> (Fringe Festival), Poli\u010dka, <span class=\"utf-range\">Czech Republic<\/span> (MIME FEST), Paris, <span class=\"utf-range\">France<\/span> (Cit\u00e9 des sciences et de l\u2019industrie), and Faro, <span class=\"utf-range\">Portugal<\/span> (MOMI physical theatre festival)<\/em><\/p>\n<\/div><\/div>\n<\/div>\n<\/div>\n<\/div>\n<\/div>\n\n<div class=\"et_pb_row_6 et_pb_row et_flex_row\">\n<div class=\"et_pb_column_6 et_pb_column et-last-child et_flex_column et_pb_css_mix_blend_mode_passthrough et_flex_column_24_24\">\n<div class=\"et_pb_slider_0 et_pb_slider et_pb_slider_fullwidth_off et_pb_module et_flex_module\"><div class=\"et_pb_slides\">\n<div class=\"et_pb_slide_0 et_pb_slide et_pb_media_alignment_center et_pb_bg_layout_dark\" data-slide-id=\"divi\/slide-0\"><div class=\"et_pb_container\"><div class=\"et_pb_slider_container_inner\"><div class=\"et_pb_slide_description et_flex_module\"><\/div><\/div><\/div><\/div>\n\n<div class=\"et_pb_slide_1 et_pb_slide et_pb_media_alignment_center et_pb_bg_layout_dark\" data-slide-id=\"divi\/slide-1\"><div class=\"et_pb_container\"><div class=\"et_pb_slider_container_inner\"><div class=\"et_pb_slide_description et_flex_module\"><\/div><\/div><\/div><\/div>\n\n<div class=\"et_pb_slide_2 et_pb_slide et_pb_media_alignment_center et_pb_bg_layout_dark\" data-slide-id=\"divi\/slide-2\"><div class=\"et_pb_container\"><div class=\"et_pb_slider_container_inner\"><div class=\"et_pb_slide_description et_flex_module\"><\/div><\/div><\/div><\/div>\n\n<div class=\"et_pb_slide_3 et_pb_slide et_pb_media_alignment_center et_pb_bg_layout_dark\" data-slide-id=\"divi\/slide-3\"><div class=\"et_pb_container\"><div class=\"et_pb_slider_container_inner\"><div class=\"et_pb_slide_description et_flex_module\"><\/div><\/div><\/div><\/div>\n<\/div><\/div>\n<\/div>\n<\/div>\n<\/div>","protected":false},"excerpt":{"rendered":"","protected":false},"author":3,"featured_media":0,"parent":0,"menu_order":0,"comment_status":"closed","ping_status":"closed","template":"","meta":{"footnotes":""},"class_list":["post-257","page","type-page","status-publish","hentry"],"_links":{"self":[{"href":"https:\/\/www.lovemime.com\/en\/wp-json\/wp\/v2\/pages\/257","targetHints":{"allow":["GET"]}}],"collection":[{"href":"https:\/\/www.lovemime.com\/en\/wp-json\/wp\/v2\/pages"}],"about":[{"href":"https:\/\/www.lovemime.com\/en\/wp-json\/wp\/v2\/types\/page"}],"author":[{"embeddable":true,"href":"https:\/\/www.lovemime.com\/en\/wp-json\/wp\/v2\/users\/3"}],"replies":[{"embeddable":true,"href":"https:\/\/www.lovemime.com\/en\/wp-json\/wp\/v2\/comments?post=257"}],"version-history":[{"count":0,"href":"https:\/\/www.lovemime.com\/en\/wp-json\/wp\/v2\/pages\/257\/revisions"}],"wp:attachment":[{"href":"https:\/\/www.lovemime.com\/en\/wp-json\/wp\/v2\/media?parent=257"}],"curies":[{"name":"wp","href":"https:\/\/api.w.org\/{rel}","templated":true}]}}